{"id":3283,"date":"2023-09-11T14:00:23","date_gmt":"2023-09-11T12:00:23","guid":{"rendered":"https:\/\/digitaldexteritylabs.com\/?page_id=3283"},"modified":"2025-01-31T11:02:59","modified_gmt":"2025-01-31T10:02:59","slug":"regulamin-uczestnictwa-w-webinarze","status":"publish","type":"page","link":"https:\/\/digitaldexteritylabs.com\/pl\/regulamin-uczestnictwa-w-webinarze","title":{"rendered":"Regulamin uczestnictwa w Webinarze"},"content":{"rendered":"\n<p><strong>UCZESTNICTWO W WEBINARZE:<\/strong><\/p>\n\n\n\n<p>IT-Dev przeprowadza prezentacj\u0119 internetow\u0105 dla Uczestnik\u00f3w w celu pog\u0142\u0119bienia ich wiedzy o wybranych produktach i us\u0142ugach zwi\u0105zanych z cyfrowym miejscem pracy (dalej: Webinar\u201d) na nast\u0119puj\u0105cych zasadach:<\/p>\n\n\n\n<ol class=\"wp-block-list\">\n<li>Uczestnicy rejestruj\u0105 si\u0119 na Webinar przez adresy e-mail oraz podaj\u0105c Dane do rejestracji, wskazane w Formularzu rejestracji.<\/li>\n\n\n\n<li>Po zarejestrowaniu si\u0119 Uczestnika, IT-Dev wysy\u0142a potwierdzenie z informacj\u0105 o rejestracji na Webinar z za\u0142\u0105cznikiem w postaci ebooka od Partnera IT-Dev na adres e-mail Uczestnika podany w Formularzu rejestracji. W ten sam spos\u00f3b w dniu Webinara wysy\u0142ane jest przypomnienie o Webinarze.<\/li>\n\n\n\n<li>Webinar odbywa si\u0119 za po\u015brednictwem Microsoft Teams.<\/li>\n\n\n\n<li>Uczestnicy Webinaru mog\u0105 w jego trakcie zadawa\u0107 pytania poprzez chat.<\/li>\n\n\n\n<li>Po zako\u0144czeniu Webinara, IT-Dev przesy\u0142a: (a) podzi\u0119kowanie za wzi\u0119cie udzia\u0142u wraz z materia\u0142ami z Webinara (b) ankiet\u0119 z trzema pytaniami o opini\u0119 oraz \u201eCzy chcesz kontaktu?\u201d<\/li>\n\n\n\n<li>Po tygodniu od zako\u0144czenia Webinara IT-Dev podejmie kontakt mailowy lub telefoniczny, w razie udzielenia zgody przez Uczestnika na dalszy kontakt.<\/li>\n<\/ol>\n\n\n\n<p><strong>WARUNKI TECHNICZNE WEBINARU:<\/strong><\/p>\n\n\n\n<p>Dost\u0119p do Webinara wymaga nast\u0119puj\u0105cych warunk\u00f3w technicznych:<\/p>\n\n\n\n<ol class=\"wp-block-list\">\n<li>Dost\u0119p do Internetu<\/li>\n\n\n\n<li>Aplikacja\u00a0<a href=\"https:\/\/products.office.com\/pl-pl\/microsoft-teams\/download-app\" target=\"_blank\" rel=\"noreferrer noopener\">MS Teams<\/a>\u00a0lub przegl\u0105darka internetowa zapewniaj\u0105ca mo\u017cliwo\u015b\u0107 korzystania z MS Teams przez stron\u0119 internetow\u0105.<\/li>\n\n\n\n<li>Wymagania Aplikacji MS Teams dost\u0119pne s\u0105\u00a0<a href=\"https:\/\/support.office.com\/pl-pl\/article\/pobieranie-i-instalacja-lub-ponowna-instalacja-us%C5%82ugi-office-365-lub-pakietu-office-2019-na-komputerze-pc-lub-mac-4414eaaf-0478-48be-9c42-23adc4716658?ui=pl-PL&amp;rs=pl-PL&amp;ad=PL\" target=\"_blank\" rel=\"noreferrer noopener\">na stronie producenta<\/a>.<\/li>\n<\/ol>\n\n\n\n<p><strong>OBOWI\u0104ZYWANIE I ROZWI\u0104ZYWANIE UMOWY:<\/strong>&nbsp;<\/p>\n\n\n\n<p>Umowa pomi\u0119dzy Uczestnikiem a IT-Dev na udzia\u0142 w wybranym Webinarze na zasadach okre\u015blonych w niniejszym Regulaminie zostaje zawarta z chwil\u0105 przes\u0142ania przez Uczestnika wype\u0142nionego Formularza rejestracji na stronie&nbsp;<a href=\"https:\/\/digitaldexteritylabs.com\/biezacy-webinar\/ransomware-czym-jest-i-jak-sie-przed-nim-bronic\/\">Formularza rejestracji na Stronie<\/a>.<\/p>\n\n\n\n<ol class=\"wp-block-list\">\n<li>Webinar jest przeprowadzany bezp\u0142atnie w celach marketingowych.<\/li>\n\n\n\n<li>Uczestnik mo\u017ce si\u0119 wycofa\u0107 z udzia\u0142u w Webinarze w ka\u017cdym momencie a\u017c do momentu jego rozpocz\u0119cia.<\/li>\n<\/ol>\n\n\n\n<p><strong>PRAWA I OBWI\u0104ZKI STRON:<\/strong><\/p>\n\n\n\n<p>Aby wzi\u0105\u0107 udzia\u0142 w Webinarze nale\u017cy zapozna\u0107 si\u0119 z tre\u015bci\u0105 niniejszego Regulaminu i potwierdzi\u0107 jego akceptacj\u0119 na Formularzu rejestracji.<\/p>\n\n\n\n<ol class=\"wp-block-list\">\n<li>Po dokonaniu rejestracji Uczestnik otrzyma link do Webinaru na adres e-mail podany w Formularzu rejestracji.<\/li>\n\n\n\n<li>Uczestnik zobowi\u0105zuje si\u0119 do korzystania z Webinar\u00f3w w spos\u00f3b zgodny z przepisami prawa, nie naruszaj\u0105c praw oraz dobrego imienia os\u00f3b trzecich.<\/li>\n\n\n\n<li>Uczestnik po dokonaniu rejestracji do Webinaru ma prawo do udzia\u0142u w nim i zadawania pyta\u0144 w formie czatu.<\/li>\n\n\n\n<li>IT-Dev mo\u017ce wprowadzi\u0107 zmiany w programie Webinaru oraz zmodyfikowa\u0107 warunki techniczne oraz parametry Webinaru z wa\u017cnych powod\u00f3w a wy\u017cej wymienione nie b\u0119d\u0105 powodowa\u0142y naruszenia umowy zawartej pomi\u0119dzy Uczestnikiem a IT-Dev na udzia\u0142 w Webinarze.<\/li>\n\n\n\n<li>Engagy nie ponosi odpowiedzialno\u015bci za (a) b\u0142\u0119dne podanie adresu e-mail s\u0142u\u017c\u0105cego do rejestracji w wybranym Webinarze, uniemo\u017cliwiaj\u0105ce wzi\u0119cie w nim udzia\u0142u, (b) niespe\u0142nienie przez Uczestnika warunk\u00f3w technicznych wskazanych w niniejszym Regulaminie, (c) nieprawid\u0142owe dzia\u0142anie urz\u0105dze\u0144 Uczestnik\u00f3w, skutkuj\u0105ce brakiem mo\u017cliwo\u015bci wzi\u0119cia udzia\u0142u w Webinarze, (d) zdarzenia spowodowane si\u0142\u0105 wy\u017csz\u0105, (e) utracone korzy\u015bci, (f) wykorzystanie wiedzy zdobytej podczas Webinar\u00f3w.<\/li>\n\n\n\n<li>W najszerszym zakresie dopuszczalnym przez obowi\u0105zuj\u0105ce prawo, wy\u0142\u0105cza si\u0119 odpowiedzialno\u015b\u0107 IT-Dev za wszelkie skutki zwi\u0105zane z korzystaniem przez Uczestnik\u00f3w z Webinar\u00f3w, w tym za szkody z tego wynik\u0142e lub niemo\u017cno\u015b\u0107 korzystania z nich, w szczeg\u00f3lno\u015bci za\u015b za szkody wynik\u0142e z wad\/awarii\/usterek. Ograniczenia odpowiedzialno\u015bci nie dotycz\u0105 Uczestnika, w przypadku, gdy na mocy prawa nie jest dozwolone wy\u0142\u0105czenie ani ograniczenie odpowiedzialno\u015bci za szkody lub gdy szkoda spowodowana jest dzia\u0142aniem umy\u015blnym.<\/li>\n\n\n\n<li>W przypadku Konsument\u00f3w, w zakresie nieuregulowanym niniejszym Dokumentem stosuje si\u0119 przepisy Ustawy o prawach konsumenta z dnia 30 maja 2014 r. Zastrzega si\u0119, \u017ce Konsument\u00f3w nie dotycz\u0105 wszystkie postanowienia niniejszego Regulaminu, kt\u00f3re stanowi\u0142yby postanowienia umieszczone w rejestrze postanowie\u0144 umownych, uznawanych za niedozwolone w przypadku Konsument\u00f3w (klauzule abuzywne), prowadzonym przez Prezesa Urz\u0119du Ochrony Konkurencji i Konsument\u00f3w<\/li>\n\n\n\n<li>Uczestnik nie ma prawa zwielokrotniania i\/lub wprowadzania do obrotu tre\u015bci Webinaru oraz jakiegokolwiek innego udost\u0119pniania osobom trzecim ani te\u017c udzielania dalszych licencji.<\/li>\n\n\n\n<li>IT-Dev rejestruje podczas Webinar\u00f3w wypowiedzi i pytania Uczestnik\u00f3w w celu archiwizacji i ewentualnego dalszego udost\u0119pniania (dalej: \u201eMateria\u0142y przekazane\u201d). Uczestnicy rejestruj\u0105c si\u0119 na dany Webinar wyra\u017caj\u0105 na to zgod\u0119 i udzielaj\u0105 IT-Dev oraz pratnerom IT-Dev prawa do u\u017cywania tych Materia\u0142\u00f3w w dowolny spos\u00f3b i w dowolnym celu. IT-Dev na wniosek Uczestnika mo\u017ce usun\u0105\u0107 zarejestrowane Materia\u0142y przekazane. IT-Dev nie ponosi \u017cadnej odpowiedzialno\u015bci wobec Uczestnika lub os\u00f3b trzecich za wykorzystanie Materia\u0142\u00f3w przekazanych w spos\u00f3b wskazany w zdaniu powy\u017cej.<\/li>\n<\/ol>\n\n\n\n<p><strong>DANE OSOBOWE:<\/strong><\/p>\n\n\n\n<p>Administratorem danych osobowych Uczestnik\u00f3w w rozumieniu przepis\u00f3w RODO jest IT-Dev. Dane przetwarzane s\u0105 w celu realizacji Umowy. Podanie danych jest dobrowolne, ale konieczne do realizacji Umowy. Dane osobowe s\u0105 przetwarzane przez IT-Dev zgodnie z aktualnie obowi\u0105zuj\u0105cymi przepisami prawa, w szczeg\u00f3lno\u015bci RODO, Ustaw\u0105 oraz zgodnie z Polityk\u0105 Bezpiecze\u0144stwa Danych Osobowych IT-Dev dost\u0119pn\u0105 na stronie https:\/\/digitaldexteritylabs.com\/polityka-przetwarzania-danych-osobowych\/.<\/p>\n\n\n\n<ol class=\"wp-block-list\">\n<li>W sprawie informacji o przetwarzaniu Pa\u0144stwa danych osobowych przez IT-Dev lub \u017c\u0105da\u0144 z tym zwi\u0105zanych, mo\u017cna si\u0119 z nami kontaktowa\u0107 pod adresem e-mail: office@engagy360.com lub na adres: IT-Dev Sp. z o.o., Ul. Sikorskiego 26, 53-659 Wroc\u0142aw, Polska.<\/li>\n\n\n\n<li>Szczeg\u00f3\u0142owe informacje dotycz\u0105ce zasad przetwarzania danych osobowych, w tym: pozyskanie danych i cel ich przetwarzania, czas przechowywania danych, uprawnienia w zakresie przetwarzanych danych, dost\u0119pne s\u0105 pod adresem https:\/\/digitaldexteritylabs.com\/polityka-przetwarzania-danych-osobowych\/.<\/li>\n<\/ol>\n\n\n\n<p><strong>DEFINICJE:<\/strong><\/p>\n\n\n\n<ol class=\"wp-block-list\">\n<li>IT-Dev \u2013 IT-Dev Sp. z o.o., z siedzib\u0105 we Wroc\u0142awiu, ul. Sikorskiego 26, 53-659 Wroc\u0142aw, wpisan\u0105 do Rejestru Przedsi\u0119biorc\u00f3w, prowadzonego przez S\u0105d Rejonowy dla M.ST. Warszawy w Warszawie, XIV Wydzia\u0142 Gospodarczy KRS, pod nr KRS 0001005377, REGON 523820706, NIP PL5242956880, kapita\u0142 zak\u0142adowy 20 000,00 z\u0142<\/li>\n\n\n\n<li>Uczestnik \u2013 osoba fizyczna zawieraj\u0105ca Umow\u0119 w celu niezwi\u0105zanym bezpo\u015brednio z dzia\u0142alno\u015bci\u0105 gospodarcz\u0105 lub zawodow\u0105 tj. konsument\u00f3w w rozumieniu art. 221 kodeksu cywilnego oraz inne podmioty, kt\u00f3re zawar\u0142y z IT-Dev umow\u0119 na uczestnictwo w Webinarze poprzez akceptacj\u0119 tre\u015bci niniejszego Regulaminu.<\/li>\n\n\n\n<li>Strony \u2013 Uczestnik i IT-Dev<\/li>\n\n\n\n<li>Dane do rejestracji: (a) Imi\u0119 i nazwisko (b) Firma, (c) Stanowisko, (d) Adres email (e) Numer telefonu.<\/li>\n\n\n\n<li>Serwis internetowy \u2013 serwis udost\u0119pniony IT-Dev, w celu prowadzenia i zarz\u0105dzania Webinarami.<\/li>\n\n\n\n<li>Strona internetowa \u2013 strona przez kt\u00f3r\u0105 Uczestnik uzyskuje dost\u0119p do Webinar\u00f3w<\/li>\n\n\n\n<li>Ustawa \u2013 ustawa o ochronie danych osobowych, z dnia 10 maja 2018 r.<\/li>\n\n\n\n<li>RODO \u2013 Rozporz\u0105dzenia Parlamentu Europejskiego i Rady (UE) 2016\/679 z dnia 27 kwietnia 2016 r. w sprawie ochrony os\u00f3b fizycznych w zwi\u0105zku z przetwarzaniem danych osobowych i w sprawie swobodnego przep\u0142ywu takich danych oraz uchylenia dyrektywy 95\/46\/WE (og\u00f3lne rozporz\u0105dzenie o ochronie danych)<\/li>\n\n\n\n<li>Dni robocze \u2013 dni od poniedzia\u0142ku do pi\u0105tku z wy\u0142\u0105czeniem dni ustawowo wolnych od pracy<\/li>\n\n\n\n<li>Formularz rejestracji \u2013 internetowy formularz, zamieszczony na Stronie, wype\u0142niany przez Uczestnika w celu rejestracji Uczestnik\u00f3w na Webinarze.<\/li>\n\n\n\n<li>Umowa \u2013 umowa na uczestnictwo w Webinarze.<\/li>\n<\/ol>\n\n\n\n<p><strong>POSTANOWIENIA KO\u0143COWE:<\/strong><\/p>\n\n\n\n<ol class=\"wp-block-list\">\n<li>Wprowadzenie przez IT-Dev nowego Regulaminu pozostaje bez wp\u0142ywu na stosunki umowne powsta\u0142e przed t\u0105 zmian\u0105.<\/li>\n\n\n\n<li>Wiadomo\u015bci i wszelkie powiadomienia dla Uczestnika mog\u0105 by\u0107 dokonywane w formie wiadomo\u015bci elektronicznej na adres e-mail podany w Formularzu rejestracji.<\/li>\n\n\n\n<li>Uczestnik powiadomi it-Dev o zmianach adres\u00f3w w formie pisemnej lub w formie wiadomo\u015bci elektronicznej wys\u0142anej na adres e-mail: office@engagy360.com<\/li>\n\n\n\n<li>Wszystkie materia\u0142y reklamowe dotycz\u0105ce Webinar\u00f3w maj\u0105 charakter informacyjny, wi\u0105\u017c\u0105c\u0105 moc prawn\u0105 maj\u0105 postanowienia niniejszego Regulaminu.<\/li>\n\n\n\n<li>Wszelkie spory rozwi\u0105zywane b\u0119d\u0105 przed s\u0105dem w\u0142a\u015bciwym dla IT-Dev.<\/li>\n\n\n\n<li>W sprawach nieuregulowanych w niniejszym Regulaminie zastosowanie maj\u0105 przepisy prawa polskiego.<\/li>\n<\/ol>\n","protected":false},"excerpt":{"rendered":"<p>UCZESTNICTWO W WEBINARZE: IT-Dev przeprowadza prezentacj\u0119 internetow\u0105 dla Uczestnik\u00f3w w celu pog\u0142\u0119bienia ich wiedzy o wybranych produktach i us\u0142ugach zwi\u0105zanych z cyfrowym miejscem pracy (dalej: Webinar\u201d) na nast\u0119puj\u0105cych zasadach: WARUNKI TECHNICZNE WEBINARU: Dost\u0119p do Webinara wymaga nast\u0119puj\u0105cych warunk\u00f3w technicznych: OBOWI\u0104ZYWANIE I ROZWI\u0104ZYWANIE UMOWY:&nbsp; Umowa pomi\u0119dzy Uczestnikiem a IT-Dev na udzia\u0142 w wybranym Webinarze na zasadach<a class=\"excerpt-read-more\" href=\"https:\/\/digitaldexteritylabs.com\/pl\/regulamin-uczestnictwa-w-webinarze\" title=\"ReadRegulamin uczestnictwa w Webinarze\">&#8230; Read more &raquo;<\/a><\/p>\n","protected":false},"author":12,"featured_media":0,"parent":0,"menu_order":0,"comment_status":"closed","ping_status":"closed","template":"","meta":{"inline_featured_image":false,"footnotes":""},"class_list":["post-3283","page","type-page","status-publish","hentry"],"yoast_head":"<!-- This site is optimized with the Yoast SEO plugin v27.4 - https:\/\/yoast.com\/product\/yoast-seo-wordpress\/ -->\n<title>Regulamin uczestnictwa w Webinarze | Digital Dexterity Labs<\/title>\n<meta name=\"robots\" content=\"index, follow, max-snippet:-1, max-image-preview:large, max-video-preview:-1\" \/>\n<link rel=\"canonical\" href=\"https:\/\/digitaldexteritylabs.com\/pl\/regulamin-uczestnictwa-w-webinarze\" \/>\n<meta property=\"og:locale\" content=\"pl_PL\" \/>\n<meta property=\"og:type\" content=\"article\" \/>\n<meta property=\"og:title\" content=\"Regulamin uczestnictwa w Webinarze | Digital Dexterity Labs\" \/>\n<meta property=\"og:description\" content=\"UCZESTNICTWO W WEBINARZE: IT-Dev przeprowadza prezentacj\u0119 internetow\u0105 dla Uczestnik\u00f3w w celu pog\u0142\u0119bienia ich wiedzy o wybranych produktach i us\u0142ugach zwi\u0105zanych z cyfrowym miejscem pracy (dalej: Webinar\u201d) na nast\u0119puj\u0105cych zasadach: WARUNKI TECHNICZNE WEBINARU: Dost\u0119p do Webinara wymaga nast\u0119puj\u0105cych warunk\u00f3w technicznych: OBOWI\u0104ZYWANIE I ROZWI\u0104ZYWANIE UMOWY:&nbsp; Umowa pomi\u0119dzy Uczestnikiem a IT-Dev na udzia\u0142 w wybranym Webinarze na zasadach... Read more &raquo;\" \/>\n<meta property=\"og:url\" content=\"https:\/\/digitaldexteritylabs.com\/pl\/regulamin-uczestnictwa-w-webinarze\" \/>\n<meta property=\"og:site_name\" content=\"Digital Dexterity Labs\" \/>\n<meta property=\"article:publisher\" content=\"https:\/\/www.facebook.com\/DigitalDexterityLabs\/\" \/>\n<meta property=\"article:modified_time\" content=\"2025-01-31T10:02:59+00:00\" \/>\n<meta name=\"twitter:card\" content=\"summary_large_image\" \/>\n<meta name=\"twitter:site\" content=\"@DexterityLabs\" \/>\n<meta name=\"twitter:label1\" content=\"Szacowany czas czytania\" \/>\n\t<meta name=\"twitter:data1\" content=\"5 minut\" \/>\n<script type=\"application\/ld+json\" class=\"yoast-schema-graph\">{\"@context\":\"https:\\\/\\\/schema.org\",\"@graph\":[{\"@type\":\"WebPage\",\"@id\":\"https:\\\/\\\/digitaldexteritylabs.com\\\/pl\\\/regulamin-uczestnictwa-w-webinarze\",\"url\":\"https:\\\/\\\/digitaldexteritylabs.com\\\/pl\\\/regulamin-uczestnictwa-w-webinarze\",\"name\":\"Regulamin uczestnictwa w Webinarze | Digital Dexterity Labs\",\"isPartOf\":{\"@id\":\"https:\\\/\\\/digitaldexteritylabs.com\\\/pl\\\/#website\"},\"datePublished\":\"2023-09-11T12:00:23+00:00\",\"dateModified\":\"2025-01-31T10:02:59+00:00\",\"breadcrumb\":{\"@id\":\"https:\\\/\\\/digitaldexteritylabs.com\\\/pl\\\/regulamin-uczestnictwa-w-webinarze#breadcrumb\"},\"inLanguage\":\"pl-PL\",\"potentialAction\":[{\"@type\":\"ReadAction\",\"target\":[\"https:\\\/\\\/digitaldexteritylabs.com\\\/pl\\\/regulamin-uczestnictwa-w-webinarze\"]}]},{\"@type\":\"BreadcrumbList\",\"@id\":\"https:\\\/\\\/digitaldexteritylabs.com\\\/pl\\\/regulamin-uczestnictwa-w-webinarze#breadcrumb\",\"itemListElement\":[{\"@type\":\"ListItem\",\"position\":1,\"name\":\"Strona g\u0142\u00f3wna\",\"item\":\"https:\\\/\\\/digitaldexteritylabs.com\\\/pl\"},{\"@type\":\"ListItem\",\"position\":2,\"name\":\"Regulamin uczestnictwa w Webinarze\"}]},{\"@type\":\"WebSite\",\"@id\":\"https:\\\/\\\/digitaldexteritylabs.com\\\/pl\\\/#website\",\"url\":\"https:\\\/\\\/digitaldexteritylabs.com\\\/pl\\\/\",\"name\":\"Digital Dexterity Labs\",\"description\":\"Digital Community\",\"publisher\":{\"@id\":\"https:\\\/\\\/digitaldexteritylabs.com\\\/pl\\\/#organization\"},\"potentialAction\":[{\"@type\":\"SearchAction\",\"target\":{\"@type\":\"EntryPoint\",\"urlTemplate\":\"https:\\\/\\\/digitaldexteritylabs.com\\\/pl\\\/?s={search_term_string}\"},\"query-input\":{\"@type\":\"PropertyValueSpecification\",\"valueRequired\":true,\"valueName\":\"search_term_string\"}}],\"inLanguage\":\"pl-PL\"},{\"@type\":\"Organization\",\"@id\":\"https:\\\/\\\/digitaldexteritylabs.com\\\/pl\\\/#organization\",\"name\":\"Digital Dexterity Labs\",\"url\":\"https:\\\/\\\/digitaldexteritylabs.com\\\/pl\\\/\",\"logo\":{\"@type\":\"ImageObject\",\"inLanguage\":\"pl-PL\",\"@id\":\"https:\\\/\\\/digitaldexteritylabs.com\\\/pl\\\/#\\\/schema\\\/logo\\\/image\\\/\",\"url\":\"https:\\\/\\\/digitaldexteritylabs.com\\\/wp-content\\\/uploads\\\/2024\\\/07\\\/digital-dexterity-labs-logo.svg\",\"contentUrl\":\"https:\\\/\\\/digitaldexteritylabs.com\\\/wp-content\\\/uploads\\\/2024\\\/07\\\/digital-dexterity-labs-logo.svg\",\"width\":100,\"height\":100,\"caption\":\"Digital Dexterity Labs\"},\"image\":{\"@id\":\"https:\\\/\\\/digitaldexteritylabs.com\\\/pl\\\/#\\\/schema\\\/logo\\\/image\\\/\"},\"sameAs\":[\"https:\\\/\\\/www.facebook.com\\\/DigitalDexterityLabs\\\/\",\"https:\\\/\\\/x.com\\\/DexterityLabs\",\"https:\\\/\\\/www.linkedin.com\\\/company\\\/42418242\",\"https:\\\/\\\/www.youtube.com\\\/channel\\\/UCALBkEZ0YpXB1wuessassZw\\\/featured\",\"https:\\\/\\\/www.instagram.com\\\/digitaldexteritylabs\\\/\"]}]}<\/script>\n<!-- \/ Yoast SEO plugin. -->","yoast_head_json":{"title":"Regulamin uczestnictwa w Webinarze | Digital Dexterity Labs","robots":{"index":"index","follow":"follow","max-snippet":"max-snippet:-1","max-image-preview":"max-image-preview:large","max-video-preview":"max-video-preview:-1"},"canonical":"https:\/\/digitaldexteritylabs.com\/pl\/regulamin-uczestnictwa-w-webinarze","og_locale":"pl_PL","og_type":"article","og_title":"Regulamin uczestnictwa w Webinarze | Digital Dexterity Labs","og_description":"UCZESTNICTWO W WEBINARZE: IT-Dev przeprowadza prezentacj\u0119 internetow\u0105 dla Uczestnik\u00f3w w celu pog\u0142\u0119bienia ich wiedzy o wybranych produktach i us\u0142ugach zwi\u0105zanych z cyfrowym miejscem pracy (dalej: Webinar\u201d) na nast\u0119puj\u0105cych zasadach: WARUNKI TECHNICZNE WEBINARU: Dost\u0119p do Webinara wymaga nast\u0119puj\u0105cych warunk\u00f3w technicznych: OBOWI\u0104ZYWANIE I ROZWI\u0104ZYWANIE UMOWY:&nbsp; Umowa pomi\u0119dzy Uczestnikiem a IT-Dev na udzia\u0142 w wybranym Webinarze na zasadach... Read more &raquo;","og_url":"https:\/\/digitaldexteritylabs.com\/pl\/regulamin-uczestnictwa-w-webinarze","og_site_name":"Digital Dexterity Labs","article_publisher":"https:\/\/www.facebook.com\/DigitalDexterityLabs\/","article_modified_time":"2025-01-31T10:02:59+00:00","twitter_card":"summary_large_image","twitter_site":"@DexterityLabs","twitter_misc":{"Szacowany czas czytania":"5 minut"},"schema":{"@context":"https:\/\/schema.org","@graph":[{"@type":"WebPage","@id":"https:\/\/digitaldexteritylabs.com\/pl\/regulamin-uczestnictwa-w-webinarze","url":"https:\/\/digitaldexteritylabs.com\/pl\/regulamin-uczestnictwa-w-webinarze","name":"Regulamin uczestnictwa w Webinarze | Digital Dexterity Labs","isPartOf":{"@id":"https:\/\/digitaldexteritylabs.com\/pl\/#website"},"datePublished":"2023-09-11T12:00:23+00:00","dateModified":"2025-01-31T10:02:59+00:00","breadcrumb":{"@id":"https:\/\/digitaldexteritylabs.com\/pl\/regulamin-uczestnictwa-w-webinarze#breadcrumb"},"inLanguage":"pl-PL","potentialAction":[{"@type":"ReadAction","target":["https:\/\/digitaldexteritylabs.com\/pl\/regulamin-uczestnictwa-w-webinarze"]}]},{"@type":"BreadcrumbList","@id":"https:\/\/digitaldexteritylabs.com\/pl\/regulamin-uczestnictwa-w-webinarze#breadcrumb","itemListElement":[{"@type":"ListItem","position":1,"name":"Strona g\u0142\u00f3wna","item":"https:\/\/digitaldexteritylabs.com\/pl"},{"@type":"ListItem","position":2,"name":"Regulamin uczestnictwa w Webinarze"}]},{"@type":"WebSite","@id":"https:\/\/digitaldexteritylabs.com\/pl\/#website","url":"https:\/\/digitaldexteritylabs.com\/pl\/","name":"Digital Dexterity Labs","description":"Digital Community","publisher":{"@id":"https:\/\/digitaldexteritylabs.com\/pl\/#organization"},"potentialAction":[{"@type":"SearchAction","target":{"@type":"EntryPoint","urlTemplate":"https:\/\/digitaldexteritylabs.com\/pl\/?s={search_term_string}"},"query-input":{"@type":"PropertyValueSpecification","valueRequired":true,"valueName":"search_term_string"}}],"inLanguage":"pl-PL"},{"@type":"Organization","@id":"https:\/\/digitaldexteritylabs.com\/pl\/#organization","name":"Digital Dexterity Labs","url":"https:\/\/digitaldexteritylabs.com\/pl\/","logo":{"@type":"ImageObject","inLanguage":"pl-PL","@id":"https:\/\/digitaldexteritylabs.com\/pl\/#\/schema\/logo\/image\/","url":"https:\/\/digitaldexteritylabs.com\/wp-content\/uploads\/2024\/07\/digital-dexterity-labs-logo.svg","contentUrl":"https:\/\/digitaldexteritylabs.com\/wp-content\/uploads\/2024\/07\/digital-dexterity-labs-logo.svg","width":100,"height":100,"caption":"Digital Dexterity Labs"},"image":{"@id":"https:\/\/digitaldexteritylabs.com\/pl\/#\/schema\/logo\/image\/"},"sameAs":["https:\/\/www.facebook.com\/DigitalDexterityLabs\/","https:\/\/x.com\/DexterityLabs","https:\/\/www.linkedin.com\/company\/42418242","https:\/\/www.youtube.com\/channel\/UCALBkEZ0YpXB1wuessassZw\/featured","https:\/\/www.instagram.com\/digitaldexteritylabs\/"]}]}},"acf":[],"_links":{"self":[{"href":"https:\/\/digitaldexteritylabs.com\/pl\/wp-json\/wp\/v2\/pages\/3283","targetHints":{"allow":["GET"]}}],"collection":[{"href":"https:\/\/digitaldexteritylabs.com\/pl\/wp-json\/wp\/v2\/pages"}],"about":[{"href":"https:\/\/digitaldexteritylabs.com\/pl\/wp-json\/wp\/v2\/types\/page"}],"author":[{"embeddable":true,"href":"https:\/\/digitaldexteritylabs.com\/pl\/wp-json\/wp\/v2\/users\/12"}],"replies":[{"embeddable":true,"href":"https:\/\/digitaldexteritylabs.com\/pl\/wp-json\/wp\/v2\/comments?post=3283"}],"version-history":[{"count":9,"href":"https:\/\/digitaldexteritylabs.com\/pl\/wp-json\/wp\/v2\/pages\/3283\/revisions"}],"predecessor-version":[{"id":5362,"href":"https:\/\/digitaldexteritylabs.com\/pl\/wp-json\/wp\/v2\/pages\/3283\/revisions\/5362"}],"wp:attachment":[{"href":"https:\/\/digitaldexteritylabs.com\/pl\/wp-json\/wp\/v2\/media?parent=3283"}],"curies":[{"name":"wp","href":"https:\/\/api.w.org\/{rel}","templated":true}]}}